{"id":51105,"date":"2022-06-29T13:54:10","date_gmt":"2022-06-29T16:54:10","guid":{"rendered":"https:\/\/www.lomahost.com\/?page_id=51105"},"modified":"2022-06-29T14:09:38","modified_gmt":"2022-06-29T17:09:38","slug":"legal","status":"publish","type":"page","link":"https:\/\/www.lomahost.com\/es\/legal","title":{"rendered":"Informaci\u00f3n Legal"},"content":{"rendered":"\n<p><strong>LomaHost<\/strong> es una divisi\u00f3n de negocios de Voexa S.A.S con domicilio en Lisandro de la Torre 428, Villa Mar\u00eda, C\u00f3rdoba (Rep\u00fablica Argentina)<\/p>\n\n\n\n<p>Para conocer las condiciones generales de nuestro servicio acceda al siguiente link:<\/p>\n\n\n\n<p class=\"has-medium-font-size\"><a href=\"https:\/\/www.lomahost.com\/es\/legal\/terminos-y-condiciones\">T\u00e9rminos y Condiciones del Servicio<\/a><\/p>\n\n\n\n<p>Para conocer nuestra pol\u00edtica de privacidad y el uso que le damos a los datos del usuario acceda al siguiente link:<\/p>\n\n\n\n<p class=\"has-medium-font-size\"><a href=\"https:\/\/www.lomahost.com\/es\/legal\/politica-de-privacidad\">Pol\u00edtica de Privacidad<\/a> <\/p>\n\n\n\n<p>En caso de tener requerimientos legales acerca de nuestro servicio o la utilizaci\u00f3n de los mismos, reclamos de DMCA, etc; deber\u00e1n ser enviados exclusivamente a nuestro departamento legal por medio de la direcci\u00f3n de correo electr\u00f3nico: <a href=\"mailto:legal@lomahost.com\">legal@lomahost.com<\/a><\/p>\n\n\n\n<p>Al utilizar los servicios de LomaHost el usuario acepta y est\u00e1 de acuerdo con nuestros T\u00e9rminos y Condiciones de Servicio y con nuestra Pol\u00edtica de Privacidad.<\/p>\n\n\n\n<p><\/p>\n","protected":false},"excerpt":{"rendered":"<p>LomaHost es una divisi\u00f3n de negocios de Voexa S.A.S con domicilio en Lisandro de la Torre 428, Villa Mar\u00eda, C\u00f3rdoba (Rep\u00fablica Argentina) Para conocer las condiciones generales de nuestro servicio acceda al siguiente link: T\u00e9rminos y Condiciones del Servicio Para conocer nuestra pol\u00edtica de privacidad y el uso que le damos a los datos del [&hellip;]<\/p>\n","protected":false},"author":2,"featured_media":0,"parent":0,"menu_order":0,"comment_status":"closed","ping_status":"closed","template":"","meta":{"_acf_changed":false,"_et_pb_use_builder":"off","_et_pb_old_content":"","_et_gb_content_width":"1080","footnotes":""},"class_list":["post-51105","page","type-page","status-publish","hentry"],"acf":[],"yoast_head":"<!-- This site is optimized with the Yoast SEO plugin v24.9 - https:\/\/yoast.com\/wordpress\/plugins\/seo\/ -->\n<title>Informaci\u00f3n Legal - Lomahost Global<\/title>\n<meta name=\"robots\" content=\"index, follow, max-snippet:-1, max-image-preview:large, max-video-preview:-1\" \/>\n<link rel=\"canonical\" href=\"https:\/\/www.lomahost.com\/es\/legal\" \/>\n<meta property=\"og:locale\" content=\"es_ES\" \/>\n<meta property=\"og:type\" content=\"article\" \/>\n<meta property=\"og:title\" content=\"Informaci\u00f3n Legal - Lomahost Global\" \/>\n<meta property=\"og:description\" content=\"LomaHost es una divisi\u00f3n de negocios de Voexa S.A.S con domicilio en Lisandro de la Torre 428, Villa Mar\u00eda, C\u00f3rdoba (Rep\u00fablica Argentina) Para conocer las condiciones generales de nuestro servicio acceda al siguiente link: T\u00e9rminos y Condiciones del Servicio Para conocer nuestra pol\u00edtica de privacidad y el uso que le damos a los datos del [&hellip;]\" \/>\n<meta property=\"og:url\" content=\"https:\/\/www.lomahost.com\/es\/legal\" \/>\n<meta property=\"og:site_name\" content=\"Lomahost Global\" \/>\n<meta property=\"article:publisher\" content=\"https:\/\/www.facebook.com\/lomahost\/\" \/>\n<meta property=\"article:modified_time\" content=\"2022-06-29T17:09:38+00:00\" \/>\n<meta property=\"og:image\" content=\"https:\/\/www.lomahost.com\/wp-content\/uploads\/2017\/11\/logo.png\" \/>\n\t<meta property=\"og:image:width\" content=\"200\" \/>\n\t<meta property=\"og:image:height\" content=\"37\" \/>\n\t<meta property=\"og:image:type\" content=\"image\/png\" \/>\n<meta name=\"twitter:card\" content=\"summary_large_image\" \/>\n<meta name=\"twitter:label1\" content=\"Est. reading time\" \/>\n\t<meta name=\"twitter:data1\" content=\"1 minute\" \/>\n<script type=\"application\/ld+json\" class=\"yoast-schema-graph\">{\"@context\":\"https:\/\/schema.org\",\"@graph\":[{\"@type\":\"WebPage\",\"@id\":\"https:\/\/www.lomahost.com\/es\/legal\",\"url\":\"https:\/\/www.lomahost.com\/es\/legal\",\"name\":\"Informaci\u00f3n Legal - Lomahost Global\",\"isPartOf\":{\"@id\":\"https:\/\/www.lomahost.com\/es\/#website\"},\"datePublished\":\"2022-06-29T16:54:10+00:00\",\"dateModified\":\"2022-06-29T17:09:38+00:00\",\"breadcrumb\":{\"@id\":\"https:\/\/www.lomahost.com\/es\/legal#breadcrumb\"},\"inLanguage\":\"es\",\"potentialAction\":[{\"@type\":\"ReadAction\",\"target\":[\"https:\/\/www.lomahost.com\/es\/legal\"]}]},{\"@type\":\"BreadcrumbList\",\"@id\":\"https:\/\/www.lomahost.com\/es\/legal#breadcrumb\",\"itemListElement\":[{\"@type\":\"ListItem\",\"position\":1,\"name\":\"Portada\",\"item\":\"https:\/\/www.lomahost.com\/es\"},{\"@type\":\"ListItem\",\"position\":2,\"name\":\"Informaci\u00f3n Legal\"}]},{\"@type\":\"WebSite\",\"@id\":\"https:\/\/www.lomahost.com\/es\/#website\",\"url\":\"https:\/\/www.lomahost.com\/es\/\",\"name\":\"Lomahost Global\",\"description\":\"Web Hosting y Dominios\",\"potentialAction\":[{\"@type\":\"SearchAction\",\"target\":{\"@type\":\"EntryPoint\",\"urlTemplate\":\"https:\/\/www.lomahost.com\/es\/?s={search_term_string}\"},\"query-input\":{\"@type\":\"PropertyValueSpecification\",\"valueRequired\":true,\"valueName\":\"search_term_string\"}}],\"inLanguage\":\"es\"}]}<\/script>\n<!-- \/ Yoast SEO plugin. -->","yoast_head_json":{"title":"Informaci\u00f3n Legal - Lomahost Global","robots":{"index":"index","follow":"follow","max-snippet":"max-snippet:-1","max-image-preview":"max-image-preview:large","max-video-preview":"max-video-preview:-1"},"canonical":"https:\/\/www.lomahost.com\/es\/legal","og_locale":"es_ES","og_type":"article","og_title":"Informaci\u00f3n Legal - Lomahost Global","og_description":"LomaHost es una divisi\u00f3n de negocios de Voexa S.A.S con domicilio en Lisandro de la Torre 428, Villa Mar\u00eda, C\u00f3rdoba (Rep\u00fablica Argentina) Para conocer las condiciones generales de nuestro servicio acceda al siguiente link: T\u00e9rminos y Condiciones del Servicio Para conocer nuestra pol\u00edtica de privacidad y el uso que le damos a los datos del [&hellip;]","og_url":"https:\/\/www.lomahost.com\/es\/legal","og_site_name":"Lomahost Global","article_publisher":"https:\/\/www.facebook.com\/lomahost\/","article_modified_time":"2022-06-29T17:09:38+00:00","og_image":[{"width":200,"height":37,"url":"https:\/\/www.lomahost.com\/wp-content\/uploads\/2017\/11\/logo.png","type":"image\/png"}],"twitter_card":"summary_large_image","twitter_misc":{"Est. reading time":"1 minute"},"schema":{"@context":"https:\/\/schema.org","@graph":[{"@type":"WebPage","@id":"https:\/\/www.lomahost.com\/es\/legal","url":"https:\/\/www.lomahost.com\/es\/legal","name":"Informaci\u00f3n Legal - Lomahost Global","isPartOf":{"@id":"https:\/\/www.lomahost.com\/es\/#website"},"datePublished":"2022-06-29T16:54:10+00:00","dateModified":"2022-06-29T17:09:38+00:00","breadcrumb":{"@id":"https:\/\/www.lomahost.com\/es\/legal#breadcrumb"},"inLanguage":"es","potentialAction":[{"@type":"ReadAction","target":["https:\/\/www.lomahost.com\/es\/legal"]}]},{"@type":"BreadcrumbList","@id":"https:\/\/www.lomahost.com\/es\/legal#breadcrumb","itemListElement":[{"@type":"ListItem","position":1,"name":"Portada","item":"https:\/\/www.lomahost.com\/es"},{"@type":"ListItem","position":2,"name":"Informaci\u00f3n Legal"}]},{"@type":"WebSite","@id":"https:\/\/www.lomahost.com\/es\/#website","url":"https:\/\/www.lomahost.com\/es\/","name":"Lomahost Global","description":"Web Hosting y Dominios","potentialAction":[{"@type":"SearchAction","target":{"@type":"EntryPoint","urlTemplate":"https:\/\/www.lomahost.com\/es\/?s={search_term_string}"},"query-input":{"@type":"PropertyValueSpecification","valueRequired":true,"valueName":"search_term_string"}}],"inLanguage":"es"}]}},"_links":{"self":[{"href":"https:\/\/www.lomahost.com\/es\/wp-json\/wp\/v2\/pages\/51105","targetHints":{"allow":["GET"]}}],"collection":[{"href":"https:\/\/www.lomahost.com\/es\/wp-json\/wp\/v2\/pages"}],"about":[{"href":"https:\/\/www.lomahost.com\/es\/wp-json\/wp\/v2\/types\/page"}],"author":[{"embeddable":true,"href":"https:\/\/www.lomahost.com\/es\/wp-json\/wp\/v2\/users\/2"}],"replies":[{"embeddable":true,"href":"https:\/\/www.lomahost.com\/es\/wp-json\/wp\/v2\/comments?post=51105"}],"version-history":[{"count":7,"href":"https:\/\/www.lomahost.com\/es\/wp-json\/wp\/v2\/pages\/51105\/revisions"}],"predecessor-version":[{"id":51118,"href":"https:\/\/www.lomahost.com\/es\/wp-json\/wp\/v2\/pages\/51105\/revisions\/51118"}],"wp:attachment":[{"href":"https:\/\/www.lomahost.com\/es\/wp-json\/wp\/v2\/media?parent=51105"}],"curies":[{"name":"wp","href":"https:\/\/api.w.org\/{rel}","templated":true}]}}