{"id":50728,"date":"2018-09-22T13:58:48","date_gmt":"2018-09-22T16:58:48","guid":{"rendered":"https:\/\/new.lomahost.com\/?page_id=50728"},"modified":"2018-09-29T14:53:36","modified_gmt":"2018-09-29T17:53:36","slug":"pagos","status":"publish","type":"page","link":"https:\/\/www.lomahost.com\/es\/pagos","title":{"rendered":"Formas de Pago"},"content":{"rendered":"<p>[et_pb_section bb_built=&#8221;1&#8243;][et_pb_row _builder_version=&#8221;3.15&#8243; module_class=&#8221;formas-de-pago&#8221;][et_pb_column type=&#8221;4_4&#8243;][et_pb_blurb _builder_version=&#8221;3.15&#8243; image=&#8221;https:\/\/www.lomahost.com\/wp-content\/uploads\/2018\/09\/payment-method-paypal.png&#8221; body_text_align=&#8221;left&#8221; icon_placement=&#8221;left&#8221; module_class=&#8221;hide-country hide-country-ar&#8221;]<\/p>\n<p>Pague sus cuentas con el saldo de su cuenta PayPal.<br \/>\n<strong><span style=\"color: #339966;\">Acreditaci\u00f3n instant\u00e1nea<\/span><\/strong> | <strong><span style=\"color: #339966;\">NO se requiere informar el pago<\/span><\/strong><\/p>\n<p>[\/et_pb_blurb][et_pb_blurb _builder_version=&#8221;3.15&#8243; image=&#8221;https:\/\/www.lomahost.com\/wp-content\/uploads\/2018\/09\/payment-method-cc.png&#8221; body_text_align=&#8221;left&#8221; icon_placement=&#8221;left&#8221; module_class=&#8221;hide-country hide-country-ar&#8221;]<\/p>\n<p>Pague sus cuentas con tarjetas de cr\u00e9dito Visa, MasterCard y American Express de manera segura a trav\u00e9s de Paypal.<br \/>\n<strong><span style=\"color: #339966;\">Acreditaci\u00f3n instant\u00e1nea<\/span><\/strong> | <strong><span style=\"color: #339966;\">NO se requiere informar el pago<\/span><\/strong><\/p>\n<p>[\/et_pb_blurb][et_pb_blurb _builder_version=&#8221;3.15&#8243; image=&#8221;https:\/\/www.lomahost.com\/wp-content\/uploads\/2018\/09\/payment-method-cc-argentina.png&#8221; body_text_align=&#8221;left&#8221; icon_placement=&#8221;left&#8221; module_class=&#8221;show-country show-country-ar&#8221;]<\/p>\n<p>Pague sus cuentas con tarjetas de cr\u00e9dito Visa, MasterCard y American Express, Naranja, Nativa y de forma m\u00e1s segura a trav\u00e9s de DineroMail.<br \/>\n<strong><span style=\"color: #339966;\">Acreditaci\u00f3n instant\u00e1nea<\/span><\/strong> | <strong><span style=\"color: #339966;\">NO se requiere informar el pago<\/span><\/strong><\/p>\n<p>[\/et_pb_blurb][et_pb_blurb _builder_version=&#8221;3.15&#8243; image=&#8221;https:\/\/www.lomahost.com\/wp-content\/uploads\/2018\/09\/payment-method-offline.png&#8221; body_text_align=&#8221;left&#8221; icon_placement=&#8221;left&#8221; module_class=&#8221;show-country show-country-ar&#8221;]<\/p>\n<p>Pague sus facturas abonando en los locales de Rapipago, Pagofacil y Cobro Express de manera facil y comoda.<br \/>\n<span style=\"color: #ff0000;\"><strong>Acreditaci\u00f3n en 48 horas<\/strong><\/span>\u00a0| <strong><span style=\"color: #339966;\">NO se requiere informar el pago<\/span><\/strong><\/p>\n<p>[\/et_pb_blurb][et_pb_blurb _builder_version=&#8221;3.15&#8243; image=&#8221;https:\/\/www.lomahost.com\/wp-content\/uploads\/2018\/09\/payment-method-mercadopago.png&#8221; body_text_align=&#8221;left&#8221; icon_placement=&#8221;left&#8221; module_class=&#8221;show-country show-country-ar&#8221;]<\/p>\n<p>Pague sus facturas a trav\u00e9s de Mercadopago, utilizando cr\u00e9dito de su cuenta o tarjeta de cr\u00e9dito.<br \/>\n<strong><span style=\"color: #339966;\">Acreditaci\u00f3n instant\u00e1nea<\/span><\/strong> | <strong><span style=\"color: #339966;\">NO se requiere informar el pago<\/span><\/strong><\/p>\n<p>[\/et_pb_blurb][et_pb_blurb _builder_version=&#8221;3.15&#8243; image=&#8221;https:\/\/www.lomahost.com\/wp-content\/uploads\/2018\/09\/payment-method-dineromail.png&#8221; body_text_align=&#8221;left&#8221; icon_placement=&#8221;left&#8221; module_class=&#8221;show-country show-country-ar&#8221;]<\/p>\n<p>Pague sus facturas utilizando saldo de su cuenta de Dineromail.<br \/>\n<strong><span style=\"color: #339966;\">Acreditaci\u00f3n instant\u00e1nea<\/span><\/strong> | <strong><span style=\"color: #339966;\">NO se requiere informar el pago<\/span><\/strong><\/p>\n<p>[\/et_pb_blurb][et_pb_blurb _builder_version=&#8221;3.15&#8243; image=&#8221;https:\/\/www.lomahost.com\/wp-content\/uploads\/2018\/09\/payment-method-cuentadigital.png&#8221; body_text_align=&#8221;left&#8221; icon_placement=&#8221;left&#8221; module_class=&#8221;show-country show-country-ar&#8221;]<\/p>\n<p>Pague sus facturas por medio de CuentaDigital en cualquier sucursal de Rapipago o Pagofacil.<br \/>\n<strong><span style=\"color: #339966;\">Acreditaci\u00f3n instant\u00e1nea<\/span><\/strong> | <strong><span style=\"color: #339966;\">NO se requiere informar el pago<\/span><\/strong><\/p>\n<p>[\/et_pb_blurb][et_pb_blurb _builder_version=&#8221;3.15&#8243; image=&#8221;https:\/\/www.lomahost.com\/wp-content\/uploads\/2018\/09\/payment-method-bank-frances.png&#8221; body_text_align=&#8221;left&#8221; icon_placement=&#8221;left&#8221; module_class=&#8221;show-country show-country-ar&#8221;]<\/p>\n<p>Pague sus facturas realizando una transferencia bancaria a nuestra cuenta del banco Frances.<br \/>\n<span style=\"color: #ff0000;\"><strong>Acreditaci\u00f3n en 48 horas<\/strong><\/span>\u00a0|\u00a0<span style=\"color: #ff0000;\"><strong>SI requiere informar el pago<\/strong><\/span><\/p>\n<p>[\/et_pb_blurb][et_pb_text _builder_version=&#8221;3.15&#8243; text_font=&#8221;|600|||||||&#8221;]<\/p>\n<p><span style=\"color: #ff0000;\">Importante: recuerde que algunos metodos de pago requieren 48 horas para acreditarse. Para evitar interrupciones del servicio o recargos, recomendamos realizar los pagos con anterioridad a la fecha de vencimiento.<\/span><\/p>\n<p>[\/et_pb_text][et_pb_button _builder_version=&#8221;3.15&#8243; button_text=&#8221;Informar un pago realizado&#8221; button_url=&#8221;http:\/\/informarpago&#8221; button_alignment=&#8221;center&#8221; url_new_window=&#8221;on&#8221; \/][\/et_pb_column][\/et_pb_row][\/et_pb_section]<\/p>\n","protected":false},"excerpt":{"rendered":"<p>Pague sus cuentas con el saldo de su cuenta PayPal. Acreditaci\u00f3n instant\u00e1nea | NO se requiere informar el pago Pague sus cuentas con tarjetas de cr\u00e9dito Visa, MasterCard y American Express de manera segura a trav\u00e9s de Paypal. Acreditaci\u00f3n instant\u00e1nea | NO se requiere informar el pago Pague sus cuentas con tarjetas de cr\u00e9dito Visa, [&hellip;]<\/p>\n","protected":false},"author":2,"featured_media":0,"parent":0,"menu_order":0,"comment_status":"closed","ping_status":"closed","template":"","meta":{"_acf_changed":false,"_et_pb_use_builder":"on","_et_pb_old_content":"","_et_gb_content_width":"","footnotes":""},"class_list":["post-50728","page","type-page","status-publish","hentry"],"acf":[],"yoast_head":"<!-- This site is optimized with the Yoast SEO plugin v24.9 - https:\/\/yoast.com\/wordpress\/plugins\/seo\/ -->\n<title>Formas de Pago - Lomahost Global<\/title>\n<meta name=\"robots\" content=\"index, follow, max-snippet:-1, max-image-preview:large, max-video-preview:-1\" \/>\n<link rel=\"canonical\" href=\"https:\/\/www.lomahost.com\/es\/pagos\" \/>\n<meta property=\"og:locale\" content=\"es_ES\" \/>\n<meta property=\"og:type\" content=\"article\" \/>\n<meta property=\"og:title\" content=\"Formas de Pago - Lomahost Global\" \/>\n<meta property=\"og:description\" content=\"Pague sus cuentas con el saldo de su cuenta PayPal. Acreditaci\u00f3n instant\u00e1nea | NO se requiere informar el pago Pague sus cuentas con tarjetas de cr\u00e9dito Visa, MasterCard y American Express de manera segura a trav\u00e9s de Paypal. Acreditaci\u00f3n instant\u00e1nea | NO se requiere informar el pago Pague sus cuentas con tarjetas de cr\u00e9dito Visa, [&hellip;]\" \/>\n<meta property=\"og:url\" content=\"https:\/\/www.lomahost.com\/es\/pagos\" \/>\n<meta property=\"og:site_name\" content=\"Lomahost Global\" \/>\n<meta property=\"article:publisher\" content=\"https:\/\/www.facebook.com\/lomahost\/\" \/>\n<meta property=\"article:modified_time\" content=\"2018-09-29T17:53:36+00:00\" \/>\n<meta property=\"og:image\" content=\"https:\/\/www.lomahost.com\/wp-content\/uploads\/2017\/11\/logo.png\" \/>\n\t<meta property=\"og:image:width\" content=\"200\" \/>\n\t<meta property=\"og:image:height\" content=\"37\" \/>\n\t<meta property=\"og:image:type\" content=\"image\/png\" \/>\n<meta name=\"twitter:card\" content=\"summary_large_image\" \/>\n<meta name=\"twitter:label1\" content=\"Est. reading time\" \/>\n\t<meta name=\"twitter:data1\" content=\"3 minutes\" \/>\n<script type=\"application\/ld+json\" class=\"yoast-schema-graph\">{\"@context\":\"https:\/\/schema.org\",\"@graph\":[{\"@type\":\"WebPage\",\"@id\":\"https:\/\/www.lomahost.com\/es\/pagos\",\"url\":\"https:\/\/www.lomahost.com\/es\/pagos\",\"name\":\"Formas de Pago - Lomahost Global\",\"isPartOf\":{\"@id\":\"https:\/\/www.lomahost.com\/es\/#website\"},\"datePublished\":\"2018-09-22T16:58:48+00:00\",\"dateModified\":\"2018-09-29T17:53:36+00:00\",\"breadcrumb\":{\"@id\":\"https:\/\/www.lomahost.com\/es\/pagos#breadcrumb\"},\"inLanguage\":\"es\",\"potentialAction\":[{\"@type\":\"ReadAction\",\"target\":[\"https:\/\/www.lomahost.com\/es\/pagos\"]}]},{\"@type\":\"BreadcrumbList\",\"@id\":\"https:\/\/www.lomahost.com\/es\/pagos#breadcrumb\",\"itemListElement\":[{\"@type\":\"ListItem\",\"position\":1,\"name\":\"Portada\",\"item\":\"https:\/\/www.lomahost.com\/es\"},{\"@type\":\"ListItem\",\"position\":2,\"name\":\"Formas de Pago\"}]},{\"@type\":\"WebSite\",\"@id\":\"https:\/\/www.lomahost.com\/es\/#website\",\"url\":\"https:\/\/www.lomahost.com\/es\/\",\"name\":\"Lomahost Global\",\"description\":\"Web Hosting y Dominios\",\"potentialAction\":[{\"@type\":\"SearchAction\",\"target\":{\"@type\":\"EntryPoint\",\"urlTemplate\":\"https:\/\/www.lomahost.com\/es\/?s={search_term_string}\"},\"query-input\":{\"@type\":\"PropertyValueSpecification\",\"valueRequired\":true,\"valueName\":\"search_term_string\"}}],\"inLanguage\":\"es\"}]}<\/script>\n<!-- \/ Yoast SEO plugin. -->","yoast_head_json":{"title":"Formas de Pago - Lomahost Global","robots":{"index":"index","follow":"follow","max-snippet":"max-snippet:-1","max-image-preview":"max-image-preview:large","max-video-preview":"max-video-preview:-1"},"canonical":"https:\/\/www.lomahost.com\/es\/pagos","og_locale":"es_ES","og_type":"article","og_title":"Formas de Pago - Lomahost Global","og_description":"Pague sus cuentas con el saldo de su cuenta PayPal. Acreditaci\u00f3n instant\u00e1nea | NO se requiere informar el pago Pague sus cuentas con tarjetas de cr\u00e9dito Visa, MasterCard y American Express de manera segura a trav\u00e9s de Paypal. Acreditaci\u00f3n instant\u00e1nea | NO se requiere informar el pago Pague sus cuentas con tarjetas de cr\u00e9dito Visa, [&hellip;]","og_url":"https:\/\/www.lomahost.com\/es\/pagos","og_site_name":"Lomahost Global","article_publisher":"https:\/\/www.facebook.com\/lomahost\/","article_modified_time":"2018-09-29T17:53:36+00:00","og_image":[{"width":200,"height":37,"url":"https:\/\/www.lomahost.com\/wp-content\/uploads\/2017\/11\/logo.png","type":"image\/png"}],"twitter_card":"summary_large_image","twitter_misc":{"Est. reading time":"3 minutes"},"schema":{"@context":"https:\/\/schema.org","@graph":[{"@type":"WebPage","@id":"https:\/\/www.lomahost.com\/es\/pagos","url":"https:\/\/www.lomahost.com\/es\/pagos","name":"Formas de Pago - Lomahost Global","isPartOf":{"@id":"https:\/\/www.lomahost.com\/es\/#website"},"datePublished":"2018-09-22T16:58:48+00:00","dateModified":"2018-09-29T17:53:36+00:00","breadcrumb":{"@id":"https:\/\/www.lomahost.com\/es\/pagos#breadcrumb"},"inLanguage":"es","potentialAction":[{"@type":"ReadAction","target":["https:\/\/www.lomahost.com\/es\/pagos"]}]},{"@type":"BreadcrumbList","@id":"https:\/\/www.lomahost.com\/es\/pagos#breadcrumb","itemListElement":[{"@type":"ListItem","position":1,"name":"Portada","item":"https:\/\/www.lomahost.com\/es"},{"@type":"ListItem","position":2,"name":"Formas de Pago"}]},{"@type":"WebSite","@id":"https:\/\/www.lomahost.com\/es\/#website","url":"https:\/\/www.lomahost.com\/es\/","name":"Lomahost Global","description":"Web Hosting y Dominios","potentialAction":[{"@type":"SearchAction","target":{"@type":"EntryPoint","urlTemplate":"https:\/\/www.lomahost.com\/es\/?s={search_term_string}"},"query-input":{"@type":"PropertyValueSpecification","valueRequired":true,"valueName":"search_term_string"}}],"inLanguage":"es"}]}},"_links":{"self":[{"href":"https:\/\/www.lomahost.com\/es\/wp-json\/wp\/v2\/pages\/50728","targetHints":{"allow":["GET"]}}],"collection":[{"href":"https:\/\/www.lomahost.com\/es\/wp-json\/wp\/v2\/pages"}],"about":[{"href":"https:\/\/www.lomahost.com\/es\/wp-json\/wp\/v2\/types\/page"}],"author":[{"embeddable":true,"href":"https:\/\/www.lomahost.com\/es\/wp-json\/wp\/v2\/users\/2"}],"replies":[{"embeddable":true,"href":"https:\/\/www.lomahost.com\/es\/wp-json\/wp\/v2\/comments?post=50728"}],"version-history":[{"count":18,"href":"https:\/\/www.lomahost.com\/es\/wp-json\/wp\/v2\/pages\/50728\/revisions"}],"predecessor-version":[{"id":50816,"href":"https:\/\/www.lomahost.com\/es\/wp-json\/wp\/v2\/pages\/50728\/revisions\/50816"}],"wp:attachment":[{"href":"https:\/\/www.lomahost.com\/es\/wp-json\/wp\/v2\/media?parent=50728"}],"curies":[{"name":"wp","href":"https:\/\/api.w.org\/{rel}","templated":true}]}}