{"id":50365,"date":"2017-12-27T20:33:40","date_gmt":"2017-12-27T20:33:40","guid":{"rendered":"https:\/\/new.lomahost.com\/?page_id=50365"},"modified":"2018-10-26T11:39:24","modified_gmt":"2018-10-26T14:39:24","slug":"empresa","status":"publish","type":"page","link":"https:\/\/www.lomahost.com\/es\/empresa","title":{"rendered":"Empresa"},"content":{"rendered":"<p>[et_pb_section bb_built=&#8221;1&#8243;][et_pb_row][et_pb_column type=&#8221;4_4&#8243;][et_pb_divider _builder_version=&#8221;3.0.92&#8243; show_divider=&#8221;on&#8221; color=&#8221;#ffffff&#8221; \/][et_pb_text _builder_version=&#8221;3.17.1&#8243; header_font_size=&#8221;32px&#8221;]<\/p>\n<h1 style=\"text-align: center;\">Conozca m\u00e1s sobre nuestra empresa<\/h1>\n<p>[\/et_pb_text][et_pb_divider _builder_version=&#8221;3.0.92&#8243; show_divider=&#8221;on&#8221; color=&#8221;#ffffff&#8221; \/][et_pb_text _builder_version=&#8221;3.17.1&#8243; text_font_size=&#8221;15px&#8221; header_font_size=&#8221;21px&#8221;]<\/p>\n<h2>Acerca Nuestro<\/h2>\n<p>Nacimos en 2009, con el objetivo de brindar a nuestros clientes una oferta de registro de dominios y Web hosting. Estamos ubicados en Villa Mar\u00eda, C\u00f3rdoba, Argentina y nos vinculamos con proveedores de diferentes partes del mundo, para poder brindar un servicio de calidad internacional. Nuestro objetivo es brindarles a nuestros clientes la mejor atenci\u00f3n pre-venta y post-venta e innovar d\u00eda a d\u00eda de acuerdo a las necesidades de los mismos.<\/p>\n<p>Nuestros servicios est\u00e1n alojados en servidores ubicados en Estados Unidos de Norteam\u00e9rica. Esto nos permite obtener una infraestructura de gran calidad, redundancia el\u00e9ctrica y de conectividad, para brindarle a nuestros clientes, una plataforma de Web hosting estable, de calidad y a un precio accesible. Los servidores son monitoreados las 24 hs del d\u00eda, los 7 d\u00edas de la semana desde dos diferentes ubicaciones geogr\u00e1ficas. Se mantienen las actualizaciones correspondientes de software, para as\u00ed prevenir posibles fallas de seguridad.<\/p>\n<h2><\/h2>\n<h2>\u00bfPor Que Elegirnos?<\/h2>\n<p>No hacemos sobrecarga servidores ni sobreventa de servicios, lo cual deriva directamente en un servicio confiable y seguro.<\/p>\n<p>Garantizamos a nuestros clientes, todo el soporte necesario para mantener sus servicios en l\u00ednea las 24 hs, tratando todos los temas de incumbencia para este fin.<\/p>\n<p>Nos comprometemos con nuestros clientes a apoyarlos en toda media posible, con los temas ajenos a nuestros servicios, haciendo todo lo que este a nuestro alcance para atacarlos.<\/p>\n<h2><\/h2>\n<h2>Mapa de Red<\/h2>\n<p>Todos nuestros servicios se encuentran alojados en Estados Unidos. Elegimos como proveedores principales, Singlehop y Softlayer, centros de datos de primer nivel, lo que nos permite garantizar la calidad de nuestros servicios.<\/p>\n<p>La monitorizaci\u00f3n de los servicios se realiza desde diferentes zonas geogr\u00e1ficas, las 24 horas del d\u00eda, permitiendo as\u00ed actuar r\u00e1pidamente ante posible fallos o corte de servicio. Si tiene consultas adicionales, no dude en contactarnos.<\/p>\n<p>[\/et_pb_text][\/et_pb_column][\/et_pb_row][\/et_pb_section]<\/p>\n","protected":false},"excerpt":{"rendered":"<p><div class=\"et_pb_row et_pb_row_0 et_pb_row_empty\">\n\t\t\t\t\n\t\t\t\t\n\t\t\t\t\n\t\t\t\t\n\t\t\t\t\n\t\t\t<\/div> Conozca m\u00e1s sobre nuestra empresa Acerca Nuestro Nacimos en 2009, con el objetivo de brindar a nuestros clientes una oferta de registro de dominios y Web hosting. Estamos ubicados en Villa Mar\u00eda, C\u00f3rdoba, Argentina y nos vinculamos con proveedores de diferentes partes del mundo, para poder brindar un servicio de calidad internacional. Nuestro objetivo [&hellip;]<\/p>\n","protected":false},"author":2,"featured_media":0,"parent":0,"menu_order":0,"comment_status":"closed","ping_status":"closed","template":"","meta":{"_acf_changed":false,"_et_pb_use_builder":"on","_et_pb_old_content":"","_et_gb_content_width":"","footnotes":""},"class_list":["post-50365","page","type-page","status-publish","hentry"],"acf":[],"yoast_head":"<!-- This site is optimized with the Yoast SEO plugin v24.9 - https:\/\/yoast.com\/wordpress\/plugins\/seo\/ -->\n<title>Empresa - Lomahost Global<\/title>\n<meta name=\"robots\" content=\"index, follow, max-snippet:-1, max-image-preview:large, max-video-preview:-1\" \/>\n<link rel=\"canonical\" href=\"https:\/\/www.lomahost.com\/es\/empresa\" \/>\n<meta property=\"og:locale\" content=\"es_ES\" \/>\n<meta property=\"og:type\" content=\"article\" \/>\n<meta property=\"og:title\" content=\"Empresa - Lomahost Global\" \/>\n<meta property=\"og:description\" content=\"Conozca m\u00e1s sobre nuestra empresa Acerca Nuestro Nacimos en 2009, con el objetivo de brindar a nuestros clientes una oferta de registro de dominios y Web hosting. Estamos ubicados en Villa Mar\u00eda, C\u00f3rdoba, Argentina y nos vinculamos con proveedores de diferentes partes del mundo, para poder brindar un servicio de calidad internacional. Nuestro objetivo [&hellip;]\" \/>\n<meta property=\"og:url\" content=\"https:\/\/www.lomahost.com\/es\/empresa\" \/>\n<meta property=\"og:site_name\" content=\"Lomahost Global\" \/>\n<meta property=\"article:publisher\" content=\"https:\/\/www.facebook.com\/lomahost\/\" \/>\n<meta property=\"article:modified_time\" content=\"2018-10-26T14:39:24+00:00\" \/>\n<meta property=\"og:image\" content=\"https:\/\/www.lomahost.com\/wp-content\/uploads\/2017\/11\/logo.png\" \/>\n\t<meta property=\"og:image:width\" content=\"200\" \/>\n\t<meta property=\"og:image:height\" content=\"37\" \/>\n\t<meta property=\"og:image:type\" content=\"image\/png\" \/>\n<meta name=\"twitter:card\" content=\"summary_large_image\" \/>\n<meta name=\"twitter:label1\" content=\"Est. reading time\" \/>\n\t<meta name=\"twitter:data1\" content=\"2 minutes\" \/>\n<script type=\"application\/ld+json\" class=\"yoast-schema-graph\">{\"@context\":\"https:\/\/schema.org\",\"@graph\":[{\"@type\":\"WebPage\",\"@id\":\"https:\/\/www.lomahost.com\/es\/empresa\",\"url\":\"https:\/\/www.lomahost.com\/es\/empresa\",\"name\":\"Empresa - Lomahost Global\",\"isPartOf\":{\"@id\":\"https:\/\/www.lomahost.com\/es\/#website\"},\"datePublished\":\"2017-12-27T20:33:40+00:00\",\"dateModified\":\"2018-10-26T14:39:24+00:00\",\"breadcrumb\":{\"@id\":\"https:\/\/www.lomahost.com\/es\/empresa#breadcrumb\"},\"inLanguage\":\"es\",\"potentialAction\":[{\"@type\":\"ReadAction\",\"target\":[\"https:\/\/www.lomahost.com\/es\/empresa\"]}]},{\"@type\":\"BreadcrumbList\",\"@id\":\"https:\/\/www.lomahost.com\/es\/empresa#breadcrumb\",\"itemListElement\":[{\"@type\":\"ListItem\",\"position\":1,\"name\":\"Portada\",\"item\":\"https:\/\/www.lomahost.com\/es\"},{\"@type\":\"ListItem\",\"position\":2,\"name\":\"Empresa\"}]},{\"@type\":\"WebSite\",\"@id\":\"https:\/\/www.lomahost.com\/es\/#website\",\"url\":\"https:\/\/www.lomahost.com\/es\/\",\"name\":\"Lomahost Global\",\"description\":\"Web Hosting y Dominios\",\"potentialAction\":[{\"@type\":\"SearchAction\",\"target\":{\"@type\":\"EntryPoint\",\"urlTemplate\":\"https:\/\/www.lomahost.com\/es\/?s={search_term_string}\"},\"query-input\":{\"@type\":\"PropertyValueSpecification\",\"valueRequired\":true,\"valueName\":\"search_term_string\"}}],\"inLanguage\":\"es\"}]}<\/script>\n<!-- \/ Yoast SEO plugin. -->","yoast_head_json":{"title":"Empresa - Lomahost Global","robots":{"index":"index","follow":"follow","max-snippet":"max-snippet:-1","max-image-preview":"max-image-preview:large","max-video-preview":"max-video-preview:-1"},"canonical":"https:\/\/www.lomahost.com\/es\/empresa","og_locale":"es_ES","og_type":"article","og_title":"Empresa - Lomahost Global","og_description":"Conozca m\u00e1s sobre nuestra empresa Acerca Nuestro Nacimos en 2009, con el objetivo de brindar a nuestros clientes una oferta de registro de dominios y Web hosting. Estamos ubicados en Villa Mar\u00eda, C\u00f3rdoba, Argentina y nos vinculamos con proveedores de diferentes partes del mundo, para poder brindar un servicio de calidad internacional. Nuestro objetivo [&hellip;]","og_url":"https:\/\/www.lomahost.com\/es\/empresa","og_site_name":"Lomahost Global","article_publisher":"https:\/\/www.facebook.com\/lomahost\/","article_modified_time":"2018-10-26T14:39:24+00:00","og_image":[{"width":200,"height":37,"url":"https:\/\/www.lomahost.com\/wp-content\/uploads\/2017\/11\/logo.png","type":"image\/png"}],"twitter_card":"summary_large_image","twitter_misc":{"Est. reading time":"2 minutes"},"schema":{"@context":"https:\/\/schema.org","@graph":[{"@type":"WebPage","@id":"https:\/\/www.lomahost.com\/es\/empresa","url":"https:\/\/www.lomahost.com\/es\/empresa","name":"Empresa - Lomahost Global","isPartOf":{"@id":"https:\/\/www.lomahost.com\/es\/#website"},"datePublished":"2017-12-27T20:33:40+00:00","dateModified":"2018-10-26T14:39:24+00:00","breadcrumb":{"@id":"https:\/\/www.lomahost.com\/es\/empresa#breadcrumb"},"inLanguage":"es","potentialAction":[{"@type":"ReadAction","target":["https:\/\/www.lomahost.com\/es\/empresa"]}]},{"@type":"BreadcrumbList","@id":"https:\/\/www.lomahost.com\/es\/empresa#breadcrumb","itemListElement":[{"@type":"ListItem","position":1,"name":"Portada","item":"https:\/\/www.lomahost.com\/es"},{"@type":"ListItem","position":2,"name":"Empresa"}]},{"@type":"WebSite","@id":"https:\/\/www.lomahost.com\/es\/#website","url":"https:\/\/www.lomahost.com\/es\/","name":"Lomahost Global","description":"Web Hosting y Dominios","potentialAction":[{"@type":"SearchAction","target":{"@type":"EntryPoint","urlTemplate":"https:\/\/www.lomahost.com\/es\/?s={search_term_string}"},"query-input":{"@type":"PropertyValueSpecification","valueRequired":true,"valueName":"search_term_string"}}],"inLanguage":"es"}]}},"_links":{"self":[{"href":"https:\/\/www.lomahost.com\/es\/wp-json\/wp\/v2\/pages\/50365","targetHints":{"allow":["GET"]}}],"collection":[{"href":"https:\/\/www.lomahost.com\/es\/wp-json\/wp\/v2\/pages"}],"about":[{"href":"https:\/\/www.lomahost.com\/es\/wp-json\/wp\/v2\/types\/page"}],"author":[{"embeddable":true,"href":"https:\/\/www.lomahost.com\/es\/wp-json\/wp\/v2\/users\/2"}],"replies":[{"embeddable":true,"href":"https:\/\/www.lomahost.com\/es\/wp-json\/wp\/v2\/comments?post=50365"}],"version-history":[{"count":7,"href":"https:\/\/www.lomahost.com\/es\/wp-json\/wp\/v2\/pages\/50365\/revisions"}],"predecessor-version":[{"id":50826,"href":"https:\/\/www.lomahost.com\/es\/wp-json\/wp\/v2\/pages\/50365\/revisions\/50826"}],"wp:attachment":[{"href":"https:\/\/www.lomahost.com\/es\/wp-json\/wp\/v2\/media?parent=50365"}],"curies":[{"name":"wp","href":"https:\/\/api.w.org\/{rel}","templated":true}]}}